{"id":6226,"date":"2025-06-20T15:03:32","date_gmt":"2025-06-20T13:03:32","guid":{"rendered":"https:\/\/exprimez-vous.ca-centreloire.fr\/?page_id=6226"},"modified":"2025-06-25T15:46:44","modified_gmt":"2025-06-25T13:46:44","slug":"accessibilite-numerique-du-site","status":"publish","type":"page","link":"https:\/\/exprimez-vous.ca-centreloire.fr\/?page_id=6226","title":{"rendered":"Accessibilit\u00e9 Num\u00e9rique du site"},"content":{"rendered":"<h1>D\u00c9CLARATION D\u2019ACCESSIBILIT\u00c9<\/h1>\n<p>Cr\u00e9dit Agricole Centre Loire s\u2019engage \u00e0 rendre Exprimez-vous accessible conform\u00e9ment \u00e0 l\u2019article 47 de la loi n\u00b0 2005-102 du 11 f\u00e9vrier 2005.<\/p>\n<p>\u00c0 cette fin, il met en \u0153uvre la strat\u00e9gie et les actions suivantes :<\/p>\n<ul>\n<li><a href=\"https:\/\/www.credit-agricole.fr\/ca-centreloire\/particulier\/accessibilite\/schema-pluriannuel-accessibilite.html\">Sch\u00e9ma pluriannuel<\/a><\/li>\n<li><a href=\"https:\/\/www.credit-agricole.fr\/ca-centreloire\/particulier\/accessibilite\/plan-actions-accessibilite.html\">Plan d\u2019actions<\/a><\/li>\n<\/ul>\n<p>Cette d\u00e9claration d\u2019accessibilit\u00e9 s\u2019applique \u00e0\u00a0Exprimez-vous<\/p>\n<h2>\u00c9TAT DE CONFORMIT\u00c9<\/h2>\n<p>Exprimez-vous n\u2019est pas conforme au r\u00e9f\u00e9rentiel g\u00e9n\u00e9ral d\u2019am\u00e9lioration de l\u2019accessibilit\u00e9 car il n\u2019existe aucun r\u00e9sultat d\u2019audit en cours de validit\u00e9 permettant de mesurer le respect des crit\u00e8res. Par cons\u00e9quent aucune non-conformit\u00e9 et aucune d\u00e9rogation ne sont \u00e9num\u00e9r\u00e9es ci-dessous<\/p>\n<h2>\u00c9TABLISSEMENT DE CETTE D\u00c9CLARATION D\u2019ACCESSIBILIT\u00c9<\/h2>\n<p>Cette d\u00e9claration a \u00e9t\u00e9 \u00e9tablie le 20\/06\/2025<\/p>\n<h2>RETOUR D\u2019INFORMATION ET CONTACT<\/h2>\n<p>Si vous n\u2019arrivez pas \u00e0 acc\u00e9der \u00e0 un contenu ou \u00e0 un service, vous pouvez contacter le responsable du site Internet pour \u00eatre orient\u00e9 vers une alternative accessible ou obtenir le contenu sous une autre forme.<\/p>\n<ul>\n<li>Envoyer un message : <a href=\"mailto:ecoute.qualite.clients@ca-centreloire.fr\">ecoute.qualite.clients@ca-centreloire.fr<\/a><\/li>\n<\/ul>\n<h2>VOIES DE RECOURS<\/h2>\n<p>Cette proc\u00e9dure est \u00e0 utiliser dans le cas suivant.<\/p>\n<p>Vous avez signal\u00e9 au responsable du site internet un d\u00e9faut d\u2019accessibilit\u00e9 qui vous emp\u00eache d\u2019acc\u00e9der \u00e0 un contenu ou \u00e0 un des services du portail et vous n\u2019avez pas obtenu de r\u00e9ponse satisfaisante.<\/p>\n<ul>\n<li>\u00c9crire un message au D\u00e9fenseur des droits (<a href=\"https:\/\/formulaire.defenseurdesdroits.fr\/\">https:\/\/formulaire.defenseurdesdroits.fr\/<\/a>)<\/li>\n<li>Contacter le d\u00e9l\u00e9gu\u00e9 du D\u00e9fenseur des droits dans votre r\u00e9gion (<a href=\"https:\/\/www.defenseurdesdroits.fr\/saisir\/delegues\">https:\/\/www.defenseurdesdroits.fr\/saisir\/delegues<\/a>)<\/li>\n<li>Envoyer un courrier par la poste (gratuit, ne pas mettre de timbre)<br \/>\nD\u00e9fenseur des droits<br \/>\nLibre r\u00e9ponse 71120<br \/>\n75342 Paris CEDEX 07<\/li>\n<\/ul>\n","protected":false},"excerpt":{"rendered":"<p>D\u00c9CLARATION D\u2019ACCESSIBILIT\u00c9 Cr\u00e9dit Agricole Centre Loire s\u2019engage \u00e0 rendre Exprimez-vous accessible conform\u00e9ment \u00e0 l\u2019article 47 de la loi n\u00b0 2005-102 du 11 f\u00e9vrier 2005. \u00c0 cette fin, il met en \u0153uvre la strat\u00e9gie et les actions suivantes : Sch\u00e9ma pluriannuel Plan d\u2019actions Cette d\u00e9claration d\u2019accessibilit\u00e9 s\u2019applique \u00e0\u00a0Exprimez-vous \u00c9TAT DE CONFORMIT\u00c9 Exprimez-vous n\u2019est pas conforme au [&hellip;]<\/p>\n","protected":false},"author":32,"featured_media":0,"parent":0,"menu_order":0,"comment_status":"closed","ping_status":"closed","template":"page-custom.php","meta":{"footnotes":""},"class_list":["post-6226","page","type-page","status-publish","hentry"],"_links":{"self":[{"href":"https:\/\/exprimez-vous.ca-centreloire.fr\/index.php?rest_route=\/wp\/v2\/pages\/6226","targetHints":{"allow":["GET"]}}],"collection":[{"href":"https:\/\/exprimez-vous.ca-centreloire.fr\/index.php?rest_route=\/wp\/v2\/pages"}],"about":[{"href":"https:\/\/exprimez-vous.ca-centreloire.fr\/index.php?rest_route=\/wp\/v2\/types\/page"}],"author":[{"embeddable":true,"href":"https:\/\/exprimez-vous.ca-centreloire.fr\/index.php?rest_route=\/wp\/v2\/users\/32"}],"replies":[{"embeddable":true,"href":"https:\/\/exprimez-vous.ca-centreloire.fr\/index.php?rest_route=%2Fwp%2Fv2%2Fcomments&post=6226"}],"version-history":[{"count":7,"href":"https:\/\/exprimez-vous.ca-centreloire.fr\/index.php?rest_route=\/wp\/v2\/pages\/6226\/revisions"}],"predecessor-version":[{"id":6257,"href":"https:\/\/exprimez-vous.ca-centreloire.fr\/index.php?rest_route=\/wp\/v2\/pages\/6226\/revisions\/6257"}],"wp:attachment":[{"href":"https:\/\/exprimez-vous.ca-centreloire.fr\/index.php?rest_route=%2Fwp%2Fv2%2Fmedia&parent=6226"}],"curies":[{"name":"wp","href":"https:\/\/api.w.org\/{rel}","templated":true}]}}