{"id":55,"date":"2015-01-02T16:34:28","date_gmt":"2015-01-02T15:34:28","guid":{"rendered":"http:\/\/exprimez-vous.ca-centreloire.fr\/?page_id=55"},"modified":"2025-06-26T14:20:46","modified_gmt":"2025-06-26T12:20:46","slug":"experience","status":"publish","type":"page","link":"https:\/\/exprimez-vous.ca-centreloire.fr\/?page_id=55","title":{"rendered":"Mentions l&eacute;gales"},"content":{"rendered":"<div class=\"h2\">Mentions l\u00e9gales<\/div>\n<div class=\"bleu-vert h3\">Informations l\u00e9gales<\/div>\n<p>La Caisse R\u00e9gionale de Cr\u00e9dit Agricole Mutuel Centre Loire, soci\u00e9t\u00e9 coop\u00e9rative \u00e0 capital et personnel variables, agr\u00e9\u00e9e en tant qu&rsquo;\u00e9tablissement de Cr\u00e9dit, dont le si\u00e8ge social est situ\u00e9 8 All\u00e9e Samuel PATY, 18000 BOURGES, immatricul\u00e9e au Registre du Commerce et des Soci\u00e9t\u00e9s de BOURGES, sous le num\u00e9ro 398 824 714, Inscrit \u00e0 l\u2019ORIAS sous le n\u00b0 07009045 en qualit\u00e9 de courtier d\u2019assurance,<br \/>\nTitulaire de la carte professionnelle Transaction, Gestion Immobili\u00e8re et syndic num\u00e9ro CPI 1801 2021 000 000 001 d\u00e9livr\u00e9e par la CCI du Cher, b\u00e9n\u00e9ficiant de Garantie financi\u00e8re et Assurance Responsabilit\u00e9 Civile Professionnelle d\u00e9livr\u00e9es par CAMCA 53 rue de la Bo\u00e9tie 75008 PARIS.<\/p>\n<p>Adresse de courrier \u00e9lectronique : agence.enligne@ca-centreloire.fr .<br \/>\nT\u00e9l\u00e9phone : 02 48 30 18 00 .<\/p>\n<p>Directeur de la publication : Claire-Lise HURLOT &#8211; Directrice G\u00e9n\u00e9ral .<br \/>\nResponsable de la r\u00e9daction : Claire-Lise HURLOT &#8211; Directrice G\u00e9n\u00e9ral .<\/p>\n<p>H\u00e9bergeur : SILCA. &#8211; 12, place des Etats-Unis 92127 MONTROUGE cedex &#8211; FRANCE &#8211; T\u00e9l. 01.43.23.45.07<\/p>\n<p>Contact : Pour toute demande de pr\u00e9cision, vous pouvez contacter le webmaster du pr\u00e9sent site \u00e0 l\u2019adresse<br \/>\nsuivante : agence.enligne@ca-centreloire.fr<\/p>\n<div class=\"bleu-vert h3\">Conditions d&rsquo;acc\u00e8s et d&rsquo;utilisation<\/div>\n<p>En acc\u00e9dant au pr\u00e9sent site et aux informations qu\u2019il contient, l\u2019utilisateur reconna\u00eet avoir pris connaissance des<br \/>\npr\u00e9sentes conditions g\u00e9n\u00e9rales d\u2019utilisation et s\u2019engage \u00e0 les respecter.<\/p>\n<p>L\u2019\u00e9diteur se r\u00e9serve le droit de modifier la pr\u00e9sente notice \u00e0 tout moment et notamment afin de l\u2019adapter aux<br \/>\n\u00e9volutions du site.<\/p>\n<p>L\u2019utilisateur s\u2019engage donc \u00e0 consulter la pr\u00e9sente notice r\u00e9guli\u00e8rement. L\u2019utilisateur est r\u00e9put\u00e9 accepter cette<br \/>\nderni\u00e8re version \u00e0 chaque nouvelle connexion au Site.<\/p>\n<div class=\"bleu-vert h4\">1. Conditions d\u2019acc\u00e8s<\/div>\n<p>Ce site est soumis \u00e0 la loi fran\u00e7aise.<\/p>\n<p>La majorit\u00e9 des contenus et services du pr\u00e9sent site est propos\u00e9e en fran\u00e7ais et parfois en anglais. En<br \/>\ncas de litige, la version fran\u00e7aise fera foi.<\/p>\n<p>Les documents, informations et offres de services diffus\u00e9s sur le site sont destin\u00e9s aussi bien aux clients<br \/>\nde Cr\u00e9dit Agricole Mutuel de Centre Loire , qu\u2019aux non-clients.<\/p>\n<p>Le pr\u00e9sent site est accessible 24 heures sur 24, 7 jours sur 7, sauf cas de force majeure, fait(s) de tiers<br \/>\net\/ou travaux de maintenance et interventions n\u00e9cessaires au bon fonctionnement du site. Dans ce cas,<br \/>\ncette interruption sera notifi\u00e9e au moyen d\u2019un avertissement figurant sur la page d\u2019accueil ou par tout<br \/>\nautre proc\u00e9d\u00e9. Cette interruption ne peut en aucun cas engager la responsabilit\u00e9 de l\u2019\u00e9diteur et n\u2019ouvre<br \/>\ndroit \u00e0 aucune indemnit\u00e9.<\/p>\n<div class=\"bleu-vert h4\">2. Tarification<\/div>\n<p>L\u2019acc\u00e8s au pr\u00e9sent site est gratuit, hors la fourniture d\u2019acc\u00e8s internet et les communications<br \/>\nt\u00e9l\u00e9phoniques dont les co\u00fbts sont factur\u00e9s directement par les op\u00e9rateurs.<\/p>\n<div class=\"bleu-vert h4\">3. Informations mises \u00e0 disposition<\/div>\n<p><strong>1\u00b0) les informations sur des produits et services <\/strong><\/p>\n<p>Les produits et services pr\u00e9sent\u00e9s sur ce site sont destin\u00e9s \u00e0 \u00eatre offerts et utilis\u00e9s selon les conditions<br \/>\ncontractuelles et les tarifs en vigueur.<\/p>\n<p>Certains de ces produits et services sont susceptibles d\u2019\u00eatre r\u00e9serv\u00e9s aux clients domicili\u00e9s sur le<br \/>\nterritoire fran\u00e7ais.<\/p>\n<p>Renseignez-vous sur les disponibilit\u00e9s aupr\u00e8s de votre agence ou de l\u2019entit\u00e9 concern\u00e9e.<\/p>\n<p>L\u2019internaute est invit\u00e9 \u00e0 prendre contact avec la Caisse R\u00e9gionale Cr\u00e9dit Agricole Mutuel de Centre Loire<br \/>\ndont il est client ou dont il d\u00e9pend g\u00e9ographiquement, ou de l\u2019entit\u00e9 concern\u00e9e, pour conna\u00eetre les<br \/>\nconditions qu\u2019elle propose et\/ou pour obtenir un service. La demande sera trait\u00e9e par une Caisse<\/p>\n<p>R\u00e9gionale Cr\u00e9dit Agricole Mutuel de Centre Loire dont l\u2019utilisateur d\u00e9pend g\u00e9ographiquement ou dont il<br \/>\nest d\u00e9j\u00e0 client.<\/p>\n<p>La Caisse R\u00e9gionale Cr\u00e9dit Agricole Mutuel de Centre Loire , afin de maintenir l\u2019exactitude des<br \/>\ninformations sur des produits ou services diffus\u00e9es sur ce site, se r\u00e9serve le droit d\u2019en corriger le<br \/>\ncontenu, \u00e0 tout moment et sans pr\u00e9avis.<\/p>\n<p><strong>2\u00b0) les autres informations \u00e0 caract\u00e8re g\u00e9n\u00e9ral fournies \u00e0 titre non contractuel <\/strong><\/p>\n<p>Les autres informations \u00e0 caract\u00e8re g\u00e9n\u00e9ral (\u00e9conomiques, financi\u00e8res, sur la vie quotidienne\u2026) sont<br \/>\nfournies \u00e0 titre non contractuel et n\u2019ont qu\u2019une valeur indicative ou informative.<\/p>\n<p>Malgr\u00e9 tous les soins apport\u00e9s \u00e0 l\u2019actualisation de ces informations et \u00e0 leurs contenus, les documents<br \/>\nmis en ligne sont susceptibles de contenir des inexactitudes techniques et des erreurs typographiques<br \/>\nqui ne sauraient engager la responsabilit\u00e9 de Cr\u00e9dit Agricole Mutuel de Centre Loire , de quelque<br \/>\nmani\u00e8re que ce soit.<\/p>\n<p>L\u2019internaute est le seul responsable de l\u2019utilisation qu\u2019il peut faire de ces informations \u00e0 caract\u00e8re<br \/>\ng\u00e9n\u00e9ral.<\/p>\n<div class=\"bleu-vert h4\">4. Usage du site internet par l\u2019utilisateur<\/div>\n<p>L\u2019utilisateur est inform\u00e9 que l\u2019utilisation du r\u00e9seau internet ne garantit pas le secret des correspondances<br \/>\n; il lui appartient de prendre toutes les mesures appropri\u00e9es afin de prot\u00e9ger ses propres donn\u00e9es et\/ou<br \/>\noutils (Consultez la Rubrique \u00ab S\u00e9curit\u00e9 \u00bb).<\/p>\n<p><strong>L\u2019utilisateur s\u2019engage \u00e0 respecter l\u2019int\u00e9grit\u00e9 du site et s\u2019interdit d\u2019entraver ou forcer le<br \/>\nfonctionnement du site, de modifier, d\u2019alt\u00e9rer ou de supprimer frauduleusement les contenus<br \/>\naccessibles via le site et d\u2019introduire frauduleusement des donn\u00e9es sur le site.<\/strong><\/p>\n<p>En cons\u00e9quence, l\u2019\u00e9diteur :<\/p>\n<p>&#8211; ne saurait \u00eatre tenu responsable des dommages qui pourraient \u00e9ventuellement \u00eatre subis, \u00e0 l\u2019occasion<br \/>\nd\u2019une visite sur son site, par l\u2019environnement technique de l\u2019utilisateur et notamment, ses ordinateurs,<br \/>\nlogiciels, \u00e9quipements r\u00e9seaux (modems, t\u00e9l\u00e9phones, etc\u2026) et tout autre mat\u00e9riel utilis\u00e9 pour acc\u00e9der \u00e0<br \/>\nou utiliser le service et\/ou les informations.<\/p>\n<p>&#8211; ne peut \u00eatre tenu responsable en cas de mauvaise utilisation du site par l\u2019utilisateur.<\/p>\n<p>&#8211; ne peut en aucun cas \u00eatre tenu pour responsable de la fiabilit\u00e9 de la transmission des donn\u00e9es, des<br \/>\ntemps d\u2019acc\u00e8s, des \u00e9ventuelles restrictions d\u2019acc\u00e8s sur le r\u00e9seau internet ou les r\u00e9seaux qui lui sont<br \/>\nconnect\u00e9s.<\/p>\n<p>&#8211; ne saurait \u00eatre responsable en cas d\u2019interruption des r\u00e9seaux d\u2019acc\u00e8s au Site, d\u2019indisponibilit\u00e9 totale ou<br \/>\npartielle du Site r\u00e9sultant notamment de l\u2019op\u00e9rateur de t\u00e9l\u00e9communications, en cas d\u2019erreur de<br \/>\ntransmission ou de probl\u00e8mes li\u00e9s \u00e0 la s\u00e9curit\u00e9 des transmissions, en cas de d\u00e9faillances du mat\u00e9riel de<br \/>\nr\u00e9ception ou de votre ligne t\u00e9l\u00e9phonique.<\/p>\n<div class=\"bleu-vert h4\">5. Droits de propri\u00e9t\u00e9 intellectuelle<\/div>\n<p>Le pr\u00e9sent site doit \u00eatre consid\u00e9r\u00e9 comme un tout indissociable. Le pr\u00e9sent site et l\u2019ensemble des<br \/>\n\u00e9l\u00e9ments y figurant (informations, donn\u00e9es, texte, sons, images, dessins, graphismes, signes distinctifs,<br \/>\nlogos, marques,\u2026) sont la propri\u00e9t\u00e9 exclusive de l\u2019\u00e9diteur ou de ses partenaires.<\/p>\n<p>L\u2019ensemble de ces \u00e9l\u00e9ments est soumis aux dispositions du Code de la propri\u00e9t\u00e9 intellectuelle et, \u00e0 ce<br \/>\ntitre, est prot\u00e9g\u00e9 contre toute utilisation non autoris\u00e9e par la loi ou les pr\u00e9sentes conditions d\u2019utilisation.<\/p>\n<p>La reproduction de ces \u00e9l\u00e9ments n\u2019est autoris\u00e9e qu\u2019\u00e0 des fins d\u2019information et\/ou de copies ou<br \/>\nreproductions destin\u00e9es \u00e0 un usage strictement priv\u00e9 et personnel.<\/p>\n<p>Toute autre reproduction, repr\u00e9sentation ou diffusion, en tout ou partie du contenu de ce site, sur<br \/>\nquelque support ou par tout proc\u00e9d\u00e9 que ce soit, est interdite. Le non-respect de cette interdiction<br \/>\nconstitue une contrefa\u00e7on susceptible d\u2019engager la responsabilit\u00e9 civile et p\u00e9nale du contrefacteur.<\/p>\n<p>Il est notamment strictement interdit d\u2019utiliser ou de reproduire le nom \u00ab CREDIT AGRICOLE \u00bb et\/o son<br \/>\nlogo, seuls ou associ\u00e9s, \u00e0 quelque titre que ce soit, et notamment \u00e0 des fins publicitaires, sans l\u2019accord<br \/>\npr\u00e9alable \u00e9crit de Cr\u00e9dit Agricole Mutuel de Centre Loire .<\/p>\n<p>De m\u00eame, le t\u00e9l\u00e9chargement ou toute autre forme de copie d\u2019un logiciel ou d\u2019informations pr\u00e9sentes sur<br \/>\nle site de Cr\u00e9dit Agricole Mutuel de Centre Loire ne conf\u00e8rent aucun droit sur ceux-ci. Il est strictement<br \/>\ninterdit de les reproduire (en tout ou partie), de les transmettre (\u00e9lectroniquement ou de quelque autre<br \/>\nmani\u00e8re) et de les modifier. Il est \u00e9galement interdit d\u2019utiliser le site de Cr\u00e9dit Agricole Mutuel de Centre<br \/>\nLoire \u00e0 des fins publiques ou commerciales, sans l\u2019autorisation \u00e9crite pr\u00e9alable de Cr\u00e9dit Agricole Mutuel<br \/>\nde Centre Loire .<\/p>\n<div class=\"bleu-vert h4\">6. Liens hypertextes<\/div>\n<p>Le pr\u00e9sent site comporte notamment des informations mises \u00e0 disposition par des soci\u00e9t\u00e9s externes ou<br \/>\ndes liens hypertextes vers d\u2019autres sites qui n\u2019ont pas \u00e9t\u00e9 d\u00e9velopp\u00e9s par les soci\u00e9t\u00e9s du Groupe Cr\u00e9dit<br \/>\nAgricole.<\/p>\n<p>L\u2019existence, sur le pr\u00e9sent site, d\u2019un lien hypertexte conduisant \u00e0 un autre site ne constitue pas une<br \/>\nvalidation de cet autre site ou de son contenu.<\/p>\n<p>Cr\u00e9dit Agricole Mutuel de Centre Loire n\u2019assume par cons\u00e9quent aucune responsabilit\u00e9 de ces sites,<br \/>\nleur contenu, publicit\u00e9s, produits ou services disponibles sur ou \u00e0 partir de ces sites.<\/p>\n<p>Par ailleurs, la responsabilit\u00e9 de Cr\u00e9dit Agricole Mutuel de Centre Loire ne saurait \u00eatre engag\u00e9e quant<br \/>\naux informations, opinions et recommandations formul\u00e9e par ces tiers.<\/p>\n<p>Tout lien vers le pr\u00e9sent site doit faire l\u2019objet d\u2019une autorisation expresse et pr\u00e9alable de Cr\u00e9dit Agricole<\/p>\n<p>Mutuel de Centre Loire , lequel se r\u00e9serve la possibilit\u00e9 de faire supprimer ce lien \u00e0 tout moment.<\/p>\n<div class=\"bleu-vert h4\">7. Informatiques et Libert\u00e9s<\/div>\n<p><a href=\"https:\/\/www.credit-agricole.fr\/ca-centreloire\/particulier\/informations\/politique-de-confidentialite.html\" target=\"_blank\" rel=\"noopener noreferrer\">Consultez la Politique de protection des donn\u00e9es.<\/a><\/p>\n<div class=\"bleu-vert h3\">Filiales<\/div>\n<div class=\"bleu-vert h4\">AMUNDI<\/div>\n<p>soci\u00e9t\u00e9 de gestion de portefeuille agr\u00e9\u00e9e par l\u2019AMF sous le n\u00b0 GP 04000036. S.A. au capital de 596 262 615 \u20ac.<br \/>\nSi\u00e8ge social : 90, boulevard Pasteur &#8211; 75015 Paris &#8211; 437 574 452 RCS Paris &#8211; www.amundi.com<\/p>\n<div class=\"bleu-vert h4\">CA CIB FINANCIAL<\/div>\n<p>Cr\u00e9dit Agricole CIB, Soci\u00e9t\u00e9 anonyme, au capital de EUR 6 055 504 839, dont le si\u00e8ge social est situ\u00e9 au 9 quai<br \/>\ndu pr\u00e9sident Paul Doumer, 92920 Paris la D\u00e9fense Cedex (France) et le num\u00e9ro de t\u00e9l\u00e9phone 01 41 89 00 00,<br \/>\nimmatricul\u00e9e sous le no SIREN 304 187 701 au Registre du Commerce et des Soci\u00e9t\u00e9s de NANTERRE.<\/p>\n<div class=\"bleu-vert h4\">CAMCA<\/div>\n<p>Caisse d\u2019Assurances Mutuelles du Cr\u00e9dit Agricole (CAMCA), CAMCA (sise 65, rue La Bo\u00e9tie 75008 Paris),<\/p>\n<div class=\"bleu-vert h4\">CNP ASSURANCES<\/div>\n<p>CNP Assurances, S.A. au capital de 686 618 477 \u20ac enti\u00e8rement lib\u00e9r\u00e9, dont le si\u00e8ge social est 4 place Raoul<br \/>\nDautry &#8211; 75015 Paris \u2013 341 737 062 RCS Paris \u2013 T\u00e9l : 01 42 18 88 88 \u2013 www.cnp.fr \u2013 GROUPE CAISSE DES<br \/>\nDEPOTS<\/p>\n<div class=\"bleu-vert h4\">COVEA FLEET<\/div>\n<p>Soci\u00e9t\u00e9 Anonyme \u00e0 Directoire et Conseil de Surveillance au capital de 27 762 189 euros &#8211; RCS du Mans B 342<br \/>\n815 339. 160 rue Henri Champion &#8211; 72045 Le Mans Cedex 1 &#8211; Entreprise r\u00e9gie par le Code des Assurances.<\/p>\n<div class=\"bleu-vert h4\">COVEA RISKS<\/div>\n<p>Soci\u00e9t\u00e9 Anonyme \u00e0 Directoire et Conseil de Surveillance au capital de 124 697 054 euros- RCS Nanterre B 378<br \/>\n716 419 &#8211; Si\u00e8ge social : 19-21 all\u00e9es de l&rsquo;Europe &#8211; 92 616 CLICHY Cedex &#8211; Entreprise r\u00e9gie par le Code des<br \/>\nAssurances.<\/p>\n<div class=\"bleu-vert h4\">CREDIT AGRICOLE LEASING &amp; FACTORING<\/div>\n<p>12 place des Etats-Unis &#8211; 92120 Montrouge cedex France<br \/>\nSoci\u00e9t\u00e9 anonyme au capital de 195 257 220 euros \u2013 692 029 457 RCS Nanterre &#8211; www.ca-leasingfactoring.com<br \/>\nEtablissement de cr\u00e9dit agr\u00e9\u00e9 en qualit\u00e9 de soci\u00e9t\u00e9 financi\u00e8re et de courtage d\u2019assurances \u2013 Siret 692 029 457<br \/>\n01126 \u2013 TVA intracommunautaire FR 02 692 029 457 \u2013 APE 6492Z \u2013 N\u00b0 Orias : 07 030 220 (www.orias.fr)<\/p>\n<div class=\"bleu-vert h4\">EUROPAY France<\/div>\n<p>MasterCard France , 44, rue Cambronne 75015 Paris, inscrite \u00e0 l\u2019ORIAS sous le num\u00e9ro 08 040 551 en qualit\u00e9<br \/>\nde courtier en assurance (www.orias.fr)<\/p>\n<div class=\"bleu-vert h4\">FINAREF Life Ltd et FINAREF Insurance Ltd<\/div>\n<p>Soci\u00e9t\u00e9s d&rsquo;assurance de droit Irlandais dont les si\u00e8ges sociaux sont \u00e9tablis 88 Lower Leeson Street, Dublin 2,<br \/>\nIrlande et soumises au contr\u00f4le de l&rsquo;IFSRA (Irish Financial Services Regulatory Authority) sise P.O. Box 9138<br \/>\nCollege Green Dublin 2, Irlande.<\/p>\n<div class=\"bleu-vert h4\">GESTION PRIVEE INDOSUEZ<\/div>\n<p>Soci\u00e9t\u00e9 anonyme au capital de 11 037 435 \u20ac &#8211; RCS PARIS 392 945 382 Soci\u00e9t\u00e9 de Gestion de Portefeuille<br \/>\nagr\u00e9\u00e9e sous le N\u00b0 GP-98025 20, rue de La Baume &#8211; 75008 Paris<\/p>\n<div class=\"bleu-vert h4\">CREDIT AGRICOLE FACTORING, marque d&rsquo;EUROFACTOR<\/div>\n<p>Cr\u00e9dit Agricole Factoring est une marque de Cr\u00e9dit Agricole Leasing &amp; Factoring &#8211; www.ca-factoring.fr<br \/>\nCr\u00e9dit Agricole Leasing &amp; Factoring, Soci\u00e9t\u00e9 anonyme au capital de 195 257 220 \u20ac, 12 place des Etats-Unis CS<br \/>\n20001 92548 Montrouge cedex &#8211; 692 029 457 RCS Nanterre. Immatricul\u00e9e au Registre du Commerce et des<br \/>\nSoci\u00e9t\u00e9s (R.C.S.) de Nanterre sous le num\u00e9ro 692 029 457<br \/>\nNum\u00e9ro individuel d\u2019identification \u00e0 la TVA intracommunautaire : FR 02 692 029 457<\/p>\n<div class=\"bleu-vert h4\">LIXXBAIL<\/div>\n<p>Lixxbail : 12 place des Etats-Unis &#8211; 92120 Montrouge cedex France \u2013 www.ca-leasing.fr<br \/>\nLixxbail \u2013 Soci\u00e9t\u00e9 financi\u00e8re &#8211; Soci\u00e9t\u00e9 anonyme au capital de 59 201 399,57 euros \u2013 682 039 078 RCS Nanterre<br \/>\n\u2013 Siret 682 039 078 00832 &#8211; TVA intracommunautaire FR 22 682 039 078 \u2013 APE 6491Z.<\/p>\n<div class=\"bleu-vert h4\">MUTUAIDE ASSISTANCE<\/div>\n<p>8-14 avenue des Fr\u00e8res Lumi\u00e8re 94366 Bry sur Marne cedex, SA au capital de 9.590.040 \u20ac, RCS Cr\u00e9teil n\u00b0 B<br \/>\n383 974 086, entreprise r\u00e9gie par le Code des Assurances.<\/p>\n<div class=\"bleu-vert h4\">PACIFICA<\/div>\n<p>la compagnie d\u2019assurance dommages, filiale de Cr\u00e9dit Agricole Assurances. Entreprise r\u00e9gie par le code des<br \/>\nassurances. S.A. au capital enti\u00e8rement lib\u00e9r\u00e9 de 252 432 825 \u20ac &#8211; Si\u00e8ge social : 8\/10, Boulevard de Vaugirard<br \/>\n75724 Paris Cedex 15 &#8211; 352 358 865 RCS Paris.<\/p>\n<div class=\"bleu-vert h4\">PLEINCHAMP SAS<\/div>\n<p>Les Services Experts sont propos\u00e9s par Pleinchamp, SAS au capital de 3 290 100 Euros \u2013 50 avenue Jean-<br \/>\nJaur\u00e8s, 92120 Montrouge Cedex &#8211; 432 556 900 RCS Nanterre<\/p>\n<div class=\"bleu-vert h4\">PREDICA<\/div>\n<p>compagnie d\u2019Assurances de personnes, filiale de Cr\u00e9dit Agricole Assurances, soci\u00e9t\u00e9 anonyme au capital de 986<br \/>\n033 325 enti\u00e8rement lib\u00e9r\u00e9, dont le si\u00e8ge social est 50-56 rue de la Procession 75015 Paris &#8211; 334 028 123 RCS<br \/>\nParis<\/p>\n<div class=\"bleu-vert h4\">SANTEFFI<\/div>\n<p>1, rue Pierre Truchis De Lays &#8211; 69410 Champagne au Mont d&rsquo;Or &#8211; SAS au capital de 777 480 Euros \u2013 432 685<br \/>\n733 RCS Lyon<\/p>\n<div class=\"bleu-vert h4\">UNI-EDITIONS<\/div>\n<p>SAS au capital de 5 580 000 euros. R.C.S. Paris B 343 213 658. 22, rue Letellier, 75015 Paris<\/p>\n<p>8. Contact accessibilit\u00e9<\/p>\n<p>Si vous n\u2019arrivez pas \u00e0 acc\u00e9der \u00e0 un contenu ou \u00e0 un service, vous pouvez contacter le responsable de l&rsquo;accessibilit\u00e9, <a href=\"mailto:ecoute.qualite.clients@ca-centreloire.fr\"><span data-teams=\"true\"><u>ecoute.qualite.clients@ca-centreloire.fr<\/u><\/span><\/a>\u00a0pour \u00eatre orient\u00e9 vers une alternative accessible ou obtenir le contenu sous une autre forme.<\/p>\n","protected":false},"excerpt":{"rendered":"<p>Mentions l\u00e9gales Informations l\u00e9gales La Caisse R\u00e9gionale de Cr\u00e9dit Agricole Mutuel Centre Loire, soci\u00e9t\u00e9 coop\u00e9rative \u00e0 capital et personnel variables, agr\u00e9\u00e9e en tant qu&rsquo;\u00e9tablissement de Cr\u00e9dit, dont le si\u00e8ge social est situ\u00e9 8 All\u00e9e Samuel PATY, 18000 BOURGES, immatricul\u00e9e au Registre du Commerce et des Soci\u00e9t\u00e9s de BOURGES, sous le num\u00e9ro 398 824 714, Inscrit [&hellip;]<\/p>\n","protected":false},"author":23,"featured_media":0,"parent":0,"menu_order":0,"comment_status":"open","ping_status":"open","template":"page-custom.php","meta":{"footnotes":""},"class_list":["post-55","page","type-page","status-publish","hentry"],"_links":{"self":[{"href":"https:\/\/exprimez-vous.ca-centreloire.fr\/index.php?rest_route=\/wp\/v2\/pages\/55","targetHints":{"allow":["GET"]}}],"collection":[{"href":"https:\/\/exprimez-vous.ca-centreloire.fr\/index.php?rest_route=\/wp\/v2\/pages"}],"about":[{"href":"https:\/\/exprimez-vous.ca-centreloire.fr\/index.php?rest_route=\/wp\/v2\/types\/page"}],"author":[{"embeddable":true,"href":"https:\/\/exprimez-vous.ca-centreloire.fr\/index.php?rest_route=\/wp\/v2\/users\/23"}],"replies":[{"embeddable":true,"href":"https:\/\/exprimez-vous.ca-centreloire.fr\/index.php?rest_route=%2Fwp%2Fv2%2Fcomments&post=55"}],"version-history":[{"count":3,"href":"https:\/\/exprimez-vous.ca-centreloire.fr\/index.php?rest_route=\/wp\/v2\/pages\/55\/revisions"}],"predecessor-version":[{"id":6258,"href":"https:\/\/exprimez-vous.ca-centreloire.fr\/index.php?rest_route=\/wp\/v2\/pages\/55\/revisions\/6258"}],"wp:attachment":[{"href":"https:\/\/exprimez-vous.ca-centreloire.fr\/index.php?rest_route=%2Fwp%2Fv2%2Fmedia&parent=55"}],"curies":[{"name":"wp","href":"https:\/\/api.w.org\/{rel}","templated":true}]}}