{"id":17,"date":"2014-12-17T16:10:16","date_gmt":"2014-12-17T15:10:16","guid":{"rendered":"http:\/\/exprimez-vous.ca-centreloire.fr\/?page_id=17"},"modified":"2023-01-23T13:56:16","modified_gmt":"2023-01-23T12:56:16","slug":"coup-de-gueule","status":"publish","type":"page","link":"https:\/\/exprimez-vous.ca-centreloire.fr\/?page_id=17","title":{"rendered":"Coup de gueule"},"content":{"rendered":"\n<div class=\"wpcf7 no-js\" id=\"wpcf7-f49-o1\" lang=\"fr-FR\" dir=\"ltr\" data-wpcf7-id=\"49\">\n<div class=\"screen-reader-response\"><p role=\"status\" aria-live=\"polite\" aria-atomic=\"true\"><\/p> <ul><\/ul><\/div>\n<form action=\"\/index.php?rest_route=%2Fwp%2Fv2%2Fpages%2F17#wpcf7-f49-o1\" method=\"post\" class=\"wpcf7-form init\" aria-label=\"Formulaire de contact\" novalidate=\"novalidate\" data-status=\"init\">\n<fieldset class=\"hidden-fields-container\"><input type=\"hidden\" name=\"_wpcf7\" value=\"49\" \/><input type=\"hidden\" name=\"_wpcf7_version\" value=\"6.1.5\" \/><input type=\"hidden\" name=\"_wpcf7_locale\" value=\"fr_FR\" \/><input type=\"hidden\" name=\"_wpcf7_unit_tag\" value=\"wpcf7-f49-o1\" \/><input type=\"hidden\" name=\"_wpcf7_container_post\" value=\"0\" \/><input type=\"hidden\" name=\"_wpcf7_posted_data_hash\" value=\"\" \/>\n<\/fieldset>\n<p>Pr\u00e9nom*\n<\/p>\n<p><span class=\"wpcf7-form-control-wrap\" data-name=\"your-name\"><input size=\"40\" maxlength=\"400\" class=\"wpcf7-form-control wpcf7-text wpcf7-validates-as-required\" aria-required=\"true\" aria-invalid=\"false\" value=\"\" type=\"text\" name=\"your-name\" \/><\/span>\n<\/p>\n<p>Nom*\n<\/p>\n<p><span class=\"wpcf7-form-control-wrap\" data-name=\"text-nom\"><input size=\"40\" maxlength=\"400\" class=\"wpcf7-form-control wpcf7-text wpcf7-validates-as-required\" aria-required=\"true\" aria-invalid=\"false\" value=\"\" type=\"text\" name=\"text-nom\" \/><\/span>\n<\/p>\n<p>Email*\n<\/p>\n<p><span class=\"wpcf7-form-control-wrap\" data-name=\"your-email\"><input size=\"40\" maxlength=\"400\" class=\"wpcf7-form-control wpcf7-email wpcf7-validates-as-required wpcf7-text wpcf7-validates-as-email\" aria-required=\"true\" aria-invalid=\"false\" value=\"\" type=\"email\" name=\"your-email\" \/><\/span>\n<\/p>\n<fieldset>\n\t<legend>\u00cates-vous client* ?\n\t<\/legend>\n\t<p><span class=\"wpcf7-form-control-wrap\" data-name=\"client\"><span class=\"wpcf7-form-control wpcf7-radio\"><span class=\"wpcf7-list-item first\"><span class=\"wpcf7-list-item-label\">oui<\/span><input type=\"radio\" name=\"client\" value=\"oui\" \/><\/span><span class=\"wpcf7-list-item last\"><span class=\"wpcf7-list-item-label\">non<\/span><input type=\"radio\" name=\"client\" value=\"non\" \/><\/span><\/span><\/span>\n\t<\/p>\n<\/fieldset>\n<p>Agence*\n<\/p>\n<p><span class=\"wpcf7-form-control-wrap\" data-name=\"agence\"><input size=\"40\" maxlength=\"400\" class=\"wpcf7-form-control wpcf7-text\" aria-invalid=\"false\" value=\"\" type=\"text\" name=\"agence\" \/><\/span>\n<\/p>\n<p>Sujet*\n<\/p>\n<p><span class=\"wpcf7-form-control-wrap\" data-name=\"your-subject\"><input size=\"40\" maxlength=\"400\" class=\"wpcf7-form-control wpcf7-text wpcf7-validates-as-required\" aria-required=\"true\" aria-invalid=\"false\" value=\"\" type=\"text\" name=\"your-subject\" \/><\/span>\n<\/p>\n<p>T\u00e9moignage*\n<\/p>\n<p><span class=\"wpcf7-form-control-wrap\" data-name=\"your-message\"><textarea cols=\"40\" rows=\"10\" maxlength=\"2000\" class=\"wpcf7-form-control wpcf7-textarea wpcf7-validates-as-required\" aria-required=\"true\" aria-invalid=\"false\" name=\"your-message\"><\/textarea><\/span>\n<\/p>\n<p>* Ces champs sont obligatoires mais ne seront pas publi\u00e9s. Ils sont \u00e0 titre informatifs pour nous permettre\n<\/p>\n<p>de vous apporter une r\u00e9ponse personnalis\u00e9e.\n<\/p>\n<p><br \/>\n<input type=\"hidden\" name=\"_wpcf7_captcha_challenge_captcha-270\" value=\"1664179846\" \/><img loading=\"lazy\" decoding=\"async\" class=\"wpcf7-form-control wpcf7-captchac wpcf7-captcha-captcha-270\" width=\"72\" height=\"24\" alt=\"captcha\" src=\"https:\/\/exprimez-vous.ca-centreloire.fr\/wp-content\/uploads\/wpcf7_captcha\/1664179846.png\" \/><br \/>\n<span class=\"wpcf7-form-control-wrap\" data-name=\"captcha-270\"><input size=\"40\" class=\"wpcf7-form-control wpcf7-captchar\" autocomplete=\"off\" aria-invalid=\"false\" value=\"\" type=\"text\" name=\"captcha-270\" \/><\/span>\n<\/p>\n<p><input class=\"wpcf7-form-control wpcf7-submit has-spinner\" type=\"submit\" value=\"Envoyer\" \/>\n<\/p><div class=\"wpcf7-response-output\" aria-hidden=\"true\"><\/div>\n<\/form>\n<\/div>\n\n<div class=\"ia\">\n<div class=\"texte\"><strong>Une id\u00e9e d\u2019am\u00e9lioration ?<\/strong><br \/>\n<em>Aidez-nous \u00e0 mieux r\u00e9pondre \u00e0 vos attentes :<\/em><\/div>\n\n<div class=\"wpcf7 no-js\" id=\"wpcf7-f72-o2\" lang=\"fr-FR\" dir=\"ltr\" data-wpcf7-id=\"72\">\n<div class=\"screen-reader-response\"><p role=\"status\" aria-live=\"polite\" aria-atomic=\"true\"><\/p> <ul><\/ul><\/div>\n<form action=\"\/index.php?rest_route=%2Fwp%2Fv2%2Fpages%2F17#wpcf7-f72-o2\" method=\"post\" class=\"wpcf7-form init\" aria-label=\"Formulaire de contact\" novalidate=\"novalidate\" data-status=\"init\">\n<fieldset class=\"hidden-fields-container\"><input type=\"hidden\" name=\"_wpcf7\" value=\"72\" \/><input type=\"hidden\" name=\"_wpcf7_version\" value=\"6.1.5\" \/><input type=\"hidden\" name=\"_wpcf7_locale\" value=\"fr_FR\" \/><input type=\"hidden\" name=\"_wpcf7_unit_tag\" value=\"wpcf7-f72-o2\" \/><input type=\"hidden\" name=\"_wpcf7_container_post\" value=\"0\" \/><input type=\"hidden\" name=\"_wpcf7_posted_data_hash\" value=\"\" \/>\n<\/fieldset>\n<p>Email*<br \/>\n<span class=\"wpcf7-form-control-wrap\" data-name=\"email-707\"><input size=\"40\" maxlength=\"400\" class=\"wpcf7-form-control wpcf7-email wpcf7-validates-as-required wpcf7-text wpcf7-validates-as-email\" aria-required=\"true\" aria-invalid=\"false\" value=\"\" type=\"email\" name=\"email-707\" \/><\/span>\n<\/p>\n<p>Sujet*<br \/>\n<span class=\"wpcf7-form-control-wrap\" data-name=\"your-subject\"><input size=\"40\" maxlength=\"400\" class=\"wpcf7-form-control wpcf7-text wpcf7-validates-as-required\" aria-required=\"true\" aria-invalid=\"false\" value=\"\" type=\"text\" name=\"your-subject\" \/><\/span>\n<\/p>\n<p><span class=\"wpcf7-form-control-wrap\" data-name=\"your-message\"><textarea cols=\"40\" rows=\"10\" maxlength=\"2000\" class=\"wpcf7-form-control wpcf7-textarea wpcf7-validates-as-required\" aria-required=\"true\" aria-invalid=\"false\" name=\"your-message\"><\/textarea><\/span>\n<\/p>\n<p><br \/>\n<input type=\"hidden\" name=\"_wpcf7_captcha_challenge_captcha-471\" value=\"1051977754\" \/><img loading=\"lazy\" decoding=\"async\" class=\"wpcf7-form-control wpcf7-captchac wpcf7-captcha-captcha-471\" width=\"72\" height=\"24\" alt=\"captcha\" src=\"https:\/\/exprimez-vous.ca-centreloire.fr\/wp-content\/uploads\/wpcf7_captcha\/1051977754.png\" \/><br \/>\n<span class=\"wpcf7-form-control-wrap\" data-name=\"captcha-471\"><input size=\"40\" class=\"wpcf7-form-control wpcf7-captchar\" autocomplete=\"off\" aria-invalid=\"false\" value=\"\" type=\"text\" name=\"captcha-471\" \/><\/span>\n<\/p>\n<p><input class=\"wpcf7-form-control wpcf7-submit has-spinner\" type=\"submit\" value=\"Envoyer\" \/>\n<\/p><div class=\"wpcf7-response-output\" aria-hidden=\"true\"><\/div>\n<\/form>\n<\/div>\n\n<\/div>\n<div class=\"mentions\">Conform\u00e9ment \u00e0 l&rsquo;article 32 de la loi \u00ab Informatique et Libert\u00e9s \u00bb du 6 janvier 1978, nous vous informons que la communication des donn\u00e9es \u00e0 caract\u00e8re personnel indiqu\u00e9e par un ast\u00e9risque est obligatoire. Le d\u00e9faut de communication de ces donn\u00e9es aura pour seule cons\u00e9quence de ne pas nous permettre de prendre en compte votre demande de prise de contact. Nous vous informons que la Caisse R\u00e9gionale de Centre Loire (ci-apr\u00e8s \u00ab la Banque \u00bb) est le responsable du traitement et que les donn\u00e9es \u00e0 caract\u00e8re personnel qui seront collect\u00e9es pourront faire l&rsquo;objet d&rsquo;un traitement automatis\u00e9 ou non pour les finalit\u00e9s suivantes : prise de contact, connaissance du client, gestion de la relation bancaire et financi\u00e8re, prospection et animation commerciale, \u00e9tude statistique. Vos op\u00e9rations et vos donn\u00e9es \u00e0 caract\u00e8re personnel sont couvertes par le secret professionnel auquel nous sommes tenus. Toutefois, vous autorisez express\u00e9ment la Banque \u00e0 communiquer ces donn\u00e9es (nom, adresse, num\u00e9ro de t\u00e9l\u00e9phone, email) \u00e0 : &#8211; toute entit\u00e9 du Groupe Cr\u00e9dit Agricole \u00e0 des fins de prospection commerciale ou en cas de mise en commun de moyens ou de regroupement de soci\u00e9t\u00e9s; &#8211; nos sous-traitants pour les seuls besoins de la sous-traitance; &#8211; \u00e0 nos partenaires pour vous permettre de b\u00e9n\u00e9ficier des avantages de ces partenariats; &#8211; \u00e0 des instituts d&rsquo;enqu\u00eates ou de sondages, agissant pour le compte de la Banque ou du Groupe Cr\u00e9dit Agricole, \u00e0 des fins statistiques, sachant que vous n&rsquo;\u00eates pas tenu de r\u00e9pondre \u00e0 leurs sollicitations et que vos donn\u00e9es seront d\u00e9truites apr\u00e8s traitement. En outre, pour satisfaire aux obligations l\u00e9gales et r\u00e9glementaires, la Banque peut \u00eatre tenue de communiquer ces informations \u00e0 des autorit\u00e9s judiciaires ou administratives l\u00e9galement habilit\u00e9es. La liste des entit\u00e9s du Groupe Cr\u00e9dit Agricole susceptibles d&rsquo;\u00eatre b\u00e9n\u00e9ficiaires d&rsquo;informations vous concernant pourra vous \u00eatre communiqu\u00e9e sur simple demande de votre part \u00e0 l&rsquo;adresse suivante: Cr\u00e9dit agricole Centre Loire , 8 All\u00e9e Samuel PATY &#8211; 18920 BOURGES CEDEX 9. Vous pouvez, \u00e0 tout moment, conform\u00e9ment \u00e0 la loi, acc\u00e9der aux informations vous concernant, les faire rectifier, vous opposer \u00e0 leur traitement pour motif l\u00e9gitime, \u00e0 leur communication \u00e0 des tiers ou \u00e0 leur utilisation \u00e0 des fins commerciales, en \u00e9crivant par lettre simple \u00e0 l&rsquo;adresse suivante : Cr\u00e9dit agricole Centre Loire , 8 All\u00e9e Samuel PATY &#8211; 18920 BOURGES CEDEX 9. Les frais de timbre cons\u00e9cutifs \u00e0 l&rsquo;exercice de votre droit d&rsquo;opposition \u00e0 l&rsquo;utilisation de vos donn\u00e9es \u00e0 des fins de prospection seront rembours\u00e9s par simple demande de votre part. Opposition au d\u00e9marchage t\u00e9l\u00e9phonique : Si vous ne souhaitez pas faire l&rsquo;objet de prospection commerciale t\u00e9l\u00e9phonique, vous pouvez vous inscrire gratuitement sur la liste d&rsquo;opposition au d\u00e9marchage t\u00e9l\u00e9phonique Bloctel. Pour en savoir plus sur les modalit\u00e9s d&rsquo;inscription, consultez le site Internet <a href=\"http:\/\/www.bloctel.gouv.fr\/\">www.bloctel.gouv.fr<\/a>. Les consommateurs inscrits sur cette liste ne pourront plus \u00eatre d\u00e9march\u00e9s t\u00e9l\u00e9phoniquement par un professionnel, sauf en cas de relations contractuelles pr\u00e9existantes avec ce professionnel lors du d\u00e9marchage t\u00e9l\u00e9phonique. Les informations \u00e0 caract\u00e8re personnel recueillies dans le cadre de ce formulaire, questionnaire sont n\u00e9cessaires pour le traitement de votre demande. Pour en savoir plus, consultez notre politique de protection des donn\u00e9es.<\/div>\n","protected":false},"excerpt":{"rendered":"<p>Une id\u00e9e d\u2019am\u00e9lioration ? Aidez-nous \u00e0 mieux r\u00e9pondre \u00e0 vos attentes : Conform\u00e9ment \u00e0 l&rsquo;article 32 de la loi \u00ab Informatique et Libert\u00e9s \u00bb du 6 janvier 1978, nous vous informons que la communication des donn\u00e9es \u00e0 caract\u00e8re personnel indiqu\u00e9e par un ast\u00e9risque est obligatoire. Le d\u00e9faut de communication de ces donn\u00e9es aura pour seule [&hellip;]<\/p>\n","protected":false},"author":23,"featured_media":0,"parent":0,"menu_order":0,"comment_status":"open","ping_status":"closed","template":"page-custom.php","meta":{"footnotes":""},"class_list":["post-17","page","type-page","status-publish","hentry"],"_links":{"self":[{"href":"https:\/\/exprimez-vous.ca-centreloire.fr\/index.php?rest_route=\/wp\/v2\/pages\/17","targetHints":{"allow":["GET"]}}],"collection":[{"href":"https:\/\/exprimez-vous.ca-centreloire.fr\/index.php?rest_route=\/wp\/v2\/pages"}],"about":[{"href":"https:\/\/exprimez-vous.ca-centreloire.fr\/index.php?rest_route=\/wp\/v2\/types\/page"}],"author":[{"embeddable":true,"href":"https:\/\/exprimez-vous.ca-centreloire.fr\/index.php?rest_route=\/wp\/v2\/users\/23"}],"replies":[{"embeddable":true,"href":"https:\/\/exprimez-vous.ca-centreloire.fr\/index.php?rest_route=%2Fwp%2Fv2%2Fcomments&post=17"}],"version-history":[{"count":0,"href":"https:\/\/exprimez-vous.ca-centreloire.fr\/index.php?rest_route=\/wp\/v2\/pages\/17\/revisions"}],"wp:attachment":[{"href":"https:\/\/exprimez-vous.ca-centreloire.fr\/index.php?rest_route=%2Fwp%2Fv2%2Fmedia&parent=17"}],"curies":[{"name":"wp","href":"https:\/\/api.w.org\/{rel}","templated":true}]}}